{"id":405,"date":"2025-05-08T15:43:23","date_gmt":"2025-05-08T07:43:23","guid":{"rendered":"https:\/\/www.takebrakes.com\/?page_id=405"},"modified":"2025-09-23T08:48:36","modified_gmt":"2025-09-23T00:48:36","slug":"home","status":"publish","type":"page","link":"https:\/\/www.takebrakes.com\/fr\/","title":{"rendered":"Acheter des freins pour grues industrielles"},"content":{"rendered":"","protected":false},"excerpt":{"rendered":"<p>D\u00e9couvrez nos solutions globales de freinage industriel, qui offrent des performances et une fiabilit\u00e9 sup\u00e9rieures pour une large gamme d'applications, notamment les freins de grue. Nos produits innovants am\u00e9liorent la s\u00e9curit\u00e9 et l'efficacit\u00e9.<\/p>","protected":false},"author":1,"featured_media":38,"parent":0,"menu_order":0,"comment_status":"closed","ping_status":"closed","template":"","meta":{"_acf_changed":false,"footnotes":""},"class_list":["post-405","page","type-page","status-publish","has-post-thumbnail","hentry"],"acf":[],"_links":{"self":[{"href":"https:\/\/www.takebrakes.com\/fr\/wp-json\/wp\/v2\/pages\/405","targetHints":{"allow":["GET"]}}],"collection":[{"href":"https:\/\/www.takebrakes.com\/fr\/wp-json\/wp\/v2\/pages"}],"about":[{"href":"https:\/\/www.takebrakes.com\/fr\/wp-json\/wp\/v2\/types\/page"}],"author":[{"embeddable":true,"href":"https:\/\/www.takebrakes.com\/fr\/wp-json\/wp\/v2\/users\/1"}],"replies":[{"embeddable":true,"href":"https:\/\/www.takebrakes.com\/fr\/wp-json\/wp\/v2\/comments?post=405"}],"version-history":[{"count":0,"href":"https:\/\/www.takebrakes.com\/fr\/wp-json\/wp\/v2\/pages\/405\/revisions"}],"wp:featuredmedia":[{"embeddable":true,"href":"https:\/\/www.takebrakes.com\/fr\/wp-json\/wp\/v2\/media\/38"}],"wp:attachment":[{"href":"https:\/\/www.takebrakes.com\/fr\/wp-json\/wp\/v2\/media?parent=405"}],"curies":[{"name":"wp","href":"https:\/\/api.w.org\/{rel}","templated":true}]}}